{"id":52,"date":"2022-11-11T17:30:59","date_gmt":"2022-11-11T17:30:59","guid":{"rendered":"http:\/\/www.janouskovahg.cz\/?page_id=52"},"modified":"2023-01-26T19:54:12","modified_gmt":"2023-01-26T19:54:12","slug":"portfolio","status":"publish","type":"page","link":"https:\/\/www.janouskovahg.cz\/?page_id=52","title":{"rendered":"Portfolio"},"content":{"rendered":"\n<p class=\"has-text-align-left\" style=\"font-style:normal;font-weight:600\">Nab\u00edz\u00edm hydrogeologick\u00e9 slu\u017eby kvalitn\u011b a v\u010das:<\/p>\n\n\n\n<p class=\"has-text-align-left\" style=\"font-style:normal;font-weight:600\">Hydrogeologick\u00fd pr\u016fzkum pro \u010cOV<\/p>\n\n\n\n<p class=\"has-text-align-left\" style=\"font-style:normal;font-weight:600\">Hydrogeologick\u00fd pr\u016fzkum pro zasakovan\u00ed de\u0161\u0165ov\u00fdch vod<\/p>\n\n\n\n<p class=\"has-text-align-left\" style=\"font-style:normal;font-weight:600\">Legalizace studny<\/p>\n\n\n\n<p class=\"has-text-align-left\" style=\"font-style:normal;font-weight:600\">Hydrogeologick\u00fd pr\u016fzkum pozemku<\/p>\n\n\n\n<p class=\"has-text-align-left\" style=\"font-style:normal;font-weight:600\">\u010cerpac\u00ed, vsakovac\u00ed a n\u00e1levov\u00e9 zkou\u0161ky<\/p>\n\n\n\n<p class=\"has-text-align-left\" style=\"font-style:normal;font-weight:600\">In\u017een\u00fdring p\u0159i vodopr\u00e1vn\u00edm povolen\u00ed na \u00fa\u0159adech<\/p>\n\n\n\n<p class=\"has-text-align-left\" style=\"font-style:normal;font-weight:600\">Pedologick\u00e9 posouzen\u00ed pro vyjmut\u00ed pozemku ze ZPF<\/p>\n\n\n\n<p class=\"has-text-align-left\" style=\"font-style:normal;font-weight:600\">M\u00e9 pr\u00e1ce jsou t\u00e9m\u011b\u0159 v\u017edy spojeny s n\u00e1v\u0161t\u011bvou p\u0159edm\u011btn\u00e9ho pozemku a konzultac\u00ed s klientem<\/p>\n","protected":false},"excerpt":{"rendered":"<p>Nab\u00edz\u00edm hydrogeologick\u00e9 slu\u017eby kvalitn\u011b a v\u010das: Hydrogeologick\u00fd pr\u016fzkum pro \u010cOV Hydrogeologick\u00fd pr\u016fzkum pro zasakovan\u00ed de\u0161\u0165ov\u00fdch vod Legalizace studny Hydrogeologick\u00fd pr\u016fzkum pozemku \u010cerpac\u00ed, vsakovac\u00ed a n\u00e1levov\u00e9 zkou\u0161ky In\u017een\u00fdring p\u0159i vodopr\u00e1vn\u00edm povolen\u00ed na \u00fa\u0159adech Pedologick\u00e9 posouzen\u00ed pro vyjmut\u00ed pozemku ze ZPF M\u00e9 pr\u00e1ce jsou t\u00e9m\u011b\u0159 v\u017edy spojeny s n\u00e1v\u0161t\u011bvou p\u0159edm\u011btn\u00e9ho pozemku a konzultac\u00ed s klientem<\/p>\n","protected":false},"author":1,"featured_media":0,"parent":0,"menu_order":0,"comment_status":"closed","ping_status":"closed","template":"templates\/portfolio.php","meta":{"om_disable_all_campaigns":false,"_mi_skip_tracking":false,"footnotes":""},"class_list":["post-52","page","type-page","status-publish","hentry"],"aioseo_notices":[],"_links":{"self":[{"href":"https:\/\/www.janouskovahg.cz\/index.php?rest_route=\/wp\/v2\/pages\/52","targetHints":{"allow":["GET"]}}],"collection":[{"href":"https:\/\/www.janouskovahg.cz\/index.php?rest_route=\/wp\/v2\/pages"}],"about":[{"href":"https:\/\/www.janouskovahg.cz\/index.php?rest_route=\/wp\/v2\/types\/page"}],"author":[{"embeddable":true,"href":"https:\/\/www.janouskovahg.cz\/index.php?rest_route=\/wp\/v2\/users\/1"}],"replies":[{"embeddable":true,"href":"https:\/\/www.janouskovahg.cz\/index.php?rest_route=%2Fwp%2Fv2%2Fcomments&post=52"}],"version-history":[{"count":5,"href":"https:\/\/www.janouskovahg.cz\/index.php?rest_route=\/wp\/v2\/pages\/52\/revisions"}],"predecessor-version":[{"id":109,"href":"https:\/\/www.janouskovahg.cz\/index.php?rest_route=\/wp\/v2\/pages\/52\/revisions\/109"}],"wp:attachment":[{"href":"https:\/\/www.janouskovahg.cz\/index.php?rest_route=%2Fwp%2Fv2%2Fmedia&parent=52"}],"curies":[{"name":"wp","href":"https:\/\/api.w.org\/{rel}","templated":true}]}}