{"id":49,"date":"2022-11-11T17:30:59","date_gmt":"2022-11-11T17:30:59","guid":{"rendered":"http:\/\/www.janouskovahg.cz\/?page_id=49"},"modified":"2022-11-14T13:48:05","modified_gmt":"2022-11-14T13:48:05","slug":"podrobnosti-o-projektu","status":"publish","type":"page","link":"https:\/\/www.janouskovahg.cz\/?page_id=49","title":{"rendered":"Co m\u00e1m za sebou?"},"content":{"rendered":"\n<p><\/p>\n\n\n\n<p style=\"font-style:normal;font-weight:600\">Hydrogeologick\u00e9 praxi se v\u011bnuji od roku 2007.<\/p>\n\n\n\n<p style=\"font-style:normal;font-weight:600\">Jsem dr\u017eitelkou osv\u011bd\u010den\u00ed Ministerstva \u017divotn\u00edho prost\u0159ed\u00ed o odborn\u00e9 zp\u016fsobilosti projektovat, prov\u00e1d\u011bt a vyhodnocovat geologick\u00e9 pr\u00e1ce v oboru hydrogeologie \u010d. 2578\/2022.<\/p>\n\n\n\n<p style=\"font-style:normal;font-weight:600\">Ji\u017e v pr\u016fb\u011bhu studi\u00ed na P\u0159\u00edrodov\u011bdeck\u00e9 fakult\u011b UK v Praze jsem si za\u010dala \u201eo\u0165uk\u00e1vat\u201c profesi, kterou jsem prohlubovala v n\u00e1sledn\u00e9m zam\u011bstn\u00e1n\u00ed. B\u011bhem sv\u00e9 praxe jsem \u0159e\u0161ila des\u00edtky mal\u00fdch projekt\u016f a hydrogeologick\u00fdch posudk\u016f. M\u011bla jsem mo\u017enost vyzkou\u0161et si \u0159\u00edzen\u00ed rozs\u00e1hlej\u0161\u00edch projekt\u016f v oblasti sanace kontaminovan\u00fdch podzemn\u00edch vod jak pro st\u00e1tn\u00ed spr\u00e1vu, tak pro soukrom\u00fd rezort. V\u0161echny tyto zku\u0161enosti m\u011b velice obohatily a p\u0159inesly pot\u0159ebn\u00fd profesn\u00ed rozhled, kter\u00fd V\u00e1m dnes mohu nab\u00eddnout.<\/p>\n","protected":false},"excerpt":{"rendered":"<p>Hydrogeologick\u00e9 praxi se v\u011bnuji od roku 2007. Jsem dr\u017eitelkou osv\u011bd\u010den\u00ed Ministerstva \u017divotn\u00edho prost\u0159ed\u00ed o odborn\u00e9 zp\u016fsobilosti projektovat, prov\u00e1d\u011bt a vyhodnocovat geologick\u00e9 pr\u00e1ce v oboru hydrogeologie \u010d. 2578\/2022. Ji\u017e v pr\u016fb\u011bhu studi\u00ed na P\u0159\u00edrodov\u011bdeck\u00e9 fakult\u011b UK v Praze jsem si za\u010dala \u201eo\u0165uk\u00e1vat\u201c profesi, kterou jsem prohlubovala v n\u00e1sledn\u00e9m zam\u011bstn\u00e1n\u00ed. B\u011bhem sv\u00e9 praxe jsem \u0159e\u0161ila des\u00edtky mal\u00fdch &hellip; <\/p>\n","protected":false},"author":1,"featured_media":0,"parent":0,"menu_order":0,"comment_status":"closed","ping_status":"closed","template":"","meta":{"om_disable_all_campaigns":false,"_mi_skip_tracking":false,"footnotes":""},"class_list":["post-49","page","type-page","status-publish","hentry"],"aioseo_notices":[],"_links":{"self":[{"href":"https:\/\/www.janouskovahg.cz\/index.php?rest_route=\/wp\/v2\/pages\/49","targetHints":{"allow":["GET"]}}],"collection":[{"href":"https:\/\/www.janouskovahg.cz\/index.php?rest_route=\/wp\/v2\/pages"}],"about":[{"href":"https:\/\/www.janouskovahg.cz\/index.php?rest_route=\/wp\/v2\/types\/page"}],"author":[{"embeddable":true,"href":"https:\/\/www.janouskovahg.cz\/index.php?rest_route=\/wp\/v2\/users\/1"}],"replies":[{"embeddable":true,"href":"https:\/\/www.janouskovahg.cz\/index.php?rest_route=%2Fwp%2Fv2%2Fcomments&post=49"}],"version-history":[{"count":3,"href":"https:\/\/www.janouskovahg.cz\/index.php?rest_route=\/wp\/v2\/pages\/49\/revisions"}],"predecessor-version":[{"id":87,"href":"https:\/\/www.janouskovahg.cz\/index.php?rest_route=\/wp\/v2\/pages\/49\/revisions\/87"}],"wp:attachment":[{"href":"https:\/\/www.janouskovahg.cz\/index.php?rest_route=%2Fwp%2Fv2%2Fmedia&parent=49"}],"curies":[{"name":"wp","href":"https:\/\/api.w.org\/{rel}","templated":true}]}}